{"id":4780,"date":"2023-03-10T12:14:38","date_gmt":"2023-03-10T15:14:38","guid":{"rendered":"https:\/\/www.ilposto.cl\/home\/"},"modified":"2025-11-18T10:40:47","modified_gmt":"2025-11-18T13:40:47","slug":"home","status":"publish","type":"page","link":"https:\/\/www.ilposto.cl\/en\/","title":{"rendered":"Home"},"content":{"rendered":"\r\n<p>Il Posto is an art space in Santiago, Chile, dedicated to the study, exhibition and promotion of contemporary Latin American art through its collection.<\/p>\r\n","protected":false},"excerpt":{"rendered":"<p>Il Posto is an art space in Santiago, Chile, dedicated to the study, exhibition and promotion of contemporary Latin American art through its collection.<\/p>\n","protected":false},"author":1,"featured_media":0,"parent":0,"menu_order":0,"comment_status":"closed","ping_status":"closed","template":"page-home.php","meta":{"_acf_changed":false,"footnotes":""},"class_list":["post-4780","page","type-page","status-publish","hentry"],"acf":[],"yoast_head":"<!-- This site is optimized with the Yoast SEO plugin v26.1.1 - https:\/\/yoast.com\/wordpress\/plugins\/seo\/ -->\n<title>Home - IL Posto<\/title>\n<meta name=\"description\" content=\"Il Posto es un espacio de arte dedicado a la conservaci\u00f3n, estudio y difusi\u00f3n del arte contempor\u00e1neo chileno y latinoamericano. We believe that art and discussions surrounding it drive the development of critical thinking and open up new perspectives and reflections on our contemporary world. Through artists exhibitions, research and content produced especially for these exhibitions, Il Posto promotes collaborative opportunities between artists, curators, researchers and collectors in the region. The Il Posto collection comprises more than 300 pieces of Chilean and Latin American art produced from the 1970s to the present day.\" \/>\n<meta name=\"robots\" content=\"index, follow, max-snippet:-1, max-image-preview:large, max-video-preview:-1\" \/>\n<link rel=\"canonical\" href=\"https:\/\/www.ilposto.cl\/en\/\" \/>\n<meta property=\"og:locale\" content=\"en_US\" \/>\n<meta property=\"og:type\" content=\"article\" \/>\n<meta property=\"og:title\" content=\"Home - IL Posto\" \/>\n<meta property=\"og:description\" content=\"Il Posto es un espacio de arte dedicado a la conservaci\u00f3n, estudio y difusi\u00f3n del arte contempor\u00e1neo chileno y latinoamericano. We believe that art and discussions surrounding it drive the development of critical thinking and open up new perspectives and reflections on our contemporary world. Through artists exhibitions, research and content produced especially for these exhibitions, Il Posto promotes collaborative opportunities between artists, curators, researchers and collectors in the region. The Il Posto collection comprises more than 300 pieces of Chilean and Latin American art produced from the 1970s to the present day.\" \/>\n<meta property=\"og:url\" content=\"https:\/\/www.ilposto.cl\/en\/\" \/>\n<meta property=\"og:site_name\" content=\"IL Posto\" \/>\n<meta property=\"article:modified_time\" content=\"2025-11-18T13:40:47+00:00\" \/>\n<meta name=\"twitter:card\" content=\"summary_large_image\" \/>\n<meta name=\"twitter:label1\" content=\"Est. reading time\" \/>\n\t<meta name=\"twitter:data1\" content=\"1 minute\" \/>\n<script type=\"application\/ld+json\" class=\"yoast-schema-graph\">{\"@context\":\"https:\/\/schema.org\",\"@graph\":[{\"@type\":\"WebPage\",\"@id\":\"https:\/\/www.ilposto.cl\/en\/\",\"url\":\"https:\/\/www.ilposto.cl\/en\/\",\"name\":\"Home - IL Posto\",\"isPartOf\":{\"@id\":\"https:\/\/www.ilposto.cl\/en\/#website\"},\"datePublished\":\"2023-03-10T15:14:38+00:00\",\"dateModified\":\"2025-11-18T13:40:47+00:00\",\"description\":\"Il Posto es un espacio de arte dedicado a la conservaci\u00f3n, estudio y difusi\u00f3n del arte contempor\u00e1neo chileno y latinoamericano. We believe that art and discussions surrounding it drive the development of critical thinking and open up new perspectives and reflections on our contemporary world. Through artists exhibitions, research and content produced especially for these exhibitions, Il Posto promotes collaborative opportunities between artists, curators, researchers and collectors in the region. The Il Posto collection comprises more than 300 pieces of Chilean and Latin American art produced from the 1970s to the present day.\",\"breadcrumb\":{\"@id\":\"https:\/\/www.ilposto.cl\/en\/#breadcrumb\"},\"inLanguage\":\"en-US\",\"potentialAction\":[{\"@type\":\"ReadAction\",\"target\":[\"https:\/\/www.ilposto.cl\/en\/\"]}]},{\"@type\":\"BreadcrumbList\",\"@id\":\"https:\/\/www.ilposto.cl\/en\/#breadcrumb\",\"itemListElement\":[{\"@type\":\"ListItem\",\"position\":1,\"name\":\"Portada\",\"item\":\"https:\/\/www.ilposto.cl\/en\/\"},{\"@type\":\"ListItem\",\"position\":2,\"name\":\"Home\"}]},{\"@type\":\"WebSite\",\"@id\":\"https:\/\/www.ilposto.cl\/en\/#website\",\"url\":\"https:\/\/www.ilposto.cl\/en\/\",\"name\":\"IL Posto\",\"description\":\"Another Wordpress site\",\"potentialAction\":[{\"@type\":\"SearchAction\",\"target\":{\"@type\":\"EntryPoint\",\"urlTemplate\":\"https:\/\/www.ilposto.cl\/en\/?s={search_term_string}\"},\"query-input\":{\"@type\":\"PropertyValueSpecification\",\"valueRequired\":true,\"valueName\":\"search_term_string\"}}],\"inLanguage\":\"en-US\"}]}<\/script>\n<!-- \/ Yoast SEO plugin. -->","yoast_head_json":{"title":"Home - IL Posto","description":"Il Posto es un espacio de arte dedicado a la conservaci\u00f3n, estudio y difusi\u00f3n del arte contempor\u00e1neo chileno y latinoamericano. We believe that art and discussions surrounding it drive the development of critical thinking and open up new perspectives and reflections on our contemporary world. Through artists exhibitions, research and content produced especially for these exhibitions, Il Posto promotes collaborative opportunities between artists, curators, researchers and collectors in the region. The Il Posto collection comprises more than 300 pieces of Chilean and Latin American art produced from the 1970s to the present day.","robots":{"index":"index","follow":"follow","max-snippet":"max-snippet:-1","max-image-preview":"max-image-preview:large","max-video-preview":"max-video-preview:-1"},"canonical":"https:\/\/www.ilposto.cl\/en\/","og_locale":"en_US","og_type":"article","og_title":"Home - IL Posto","og_description":"Il Posto es un espacio de arte dedicado a la conservaci\u00f3n, estudio y difusi\u00f3n del arte contempor\u00e1neo chileno y latinoamericano. We believe that art and discussions surrounding it drive the development of critical thinking and open up new perspectives and reflections on our contemporary world. Through artists exhibitions, research and content produced especially for these exhibitions, Il Posto promotes collaborative opportunities between artists, curators, researchers and collectors in the region. The Il Posto collection comprises more than 300 pieces of Chilean and Latin American art produced from the 1970s to the present day.","og_url":"https:\/\/www.ilposto.cl\/en\/","og_site_name":"IL Posto","article_modified_time":"2025-11-18T13:40:47+00:00","twitter_card":"summary_large_image","twitter_misc":{"Est. reading time":"1 minute"},"schema":{"@context":"https:\/\/schema.org","@graph":[{"@type":"WebPage","@id":"https:\/\/www.ilposto.cl\/en\/","url":"https:\/\/www.ilposto.cl\/en\/","name":"Home - IL Posto","isPartOf":{"@id":"https:\/\/www.ilposto.cl\/en\/#website"},"datePublished":"2023-03-10T15:14:38+00:00","dateModified":"2025-11-18T13:40:47+00:00","description":"Il Posto es un espacio de arte dedicado a la conservaci\u00f3n, estudio y difusi\u00f3n del arte contempor\u00e1neo chileno y latinoamericano. We believe that art and discussions surrounding it drive the development of critical thinking and open up new perspectives and reflections on our contemporary world. Through artists exhibitions, research and content produced especially for these exhibitions, Il Posto promotes collaborative opportunities between artists, curators, researchers and collectors in the region. The Il Posto collection comprises more than 300 pieces of Chilean and Latin American art produced from the 1970s to the present day.","breadcrumb":{"@id":"https:\/\/www.ilposto.cl\/en\/#breadcrumb"},"inLanguage":"en-US","potentialAction":[{"@type":"ReadAction","target":["https:\/\/www.ilposto.cl\/en\/"]}]},{"@type":"BreadcrumbList","@id":"https:\/\/www.ilposto.cl\/en\/#breadcrumb","itemListElement":[{"@type":"ListItem","position":1,"name":"Portada","item":"https:\/\/www.ilposto.cl\/en\/"},{"@type":"ListItem","position":2,"name":"Home"}]},{"@type":"WebSite","@id":"https:\/\/www.ilposto.cl\/en\/#website","url":"https:\/\/www.ilposto.cl\/en\/","name":"IL Posto","description":"Another Wordpress site","potentialAction":[{"@type":"SearchAction","target":{"@type":"EntryPoint","urlTemplate":"https:\/\/www.ilposto.cl\/en\/?s={search_term_string}"},"query-input":{"@type":"PropertyValueSpecification","valueRequired":true,"valueName":"search_term_string"}}],"inLanguage":"en-US"}]}},"_links":{"self":[{"href":"https:\/\/www.ilposto.cl\/en\/wp-json\/wp\/v2\/pages\/4780","targetHints":{"allow":["GET"]}}],"collection":[{"href":"https:\/\/www.ilposto.cl\/en\/wp-json\/wp\/v2\/pages"}],"about":[{"href":"https:\/\/www.ilposto.cl\/en\/wp-json\/wp\/v2\/types\/page"}],"author":[{"embeddable":true,"href":"https:\/\/www.ilposto.cl\/en\/wp-json\/wp\/v2\/users\/1"}],"replies":[{"embeddable":true,"href":"https:\/\/www.ilposto.cl\/en\/wp-json\/wp\/v2\/comments?post=4780"}],"version-history":[{"count":2,"href":"https:\/\/www.ilposto.cl\/en\/wp-json\/wp\/v2\/pages\/4780\/revisions"}],"predecessor-version":[{"id":6584,"href":"https:\/\/www.ilposto.cl\/en\/wp-json\/wp\/v2\/pages\/4780\/revisions\/6584"}],"wp:attachment":[{"href":"https:\/\/www.ilposto.cl\/en\/wp-json\/wp\/v2\/media?parent=4780"}],"curies":[{"name":"wp","href":"https:\/\/api.w.org\/{rel}","templated":true}]}}