{"id":4927,"date":"2023-04-06T21:47:26","date_gmt":"2023-04-07T01:47:26","guid":{"rendered":"https:\/\/www.ilposto.cl\/research\/calls\/"},"modified":"2025-10-17T19:42:41","modified_gmt":"2025-10-17T22:42:41","slug":"calls","status":"publish","type":"page","link":"https:\/\/www.ilposto.cl\/en\/research\/calls\/","title":{"rendered":"Call for applications"},"content":{"rendered":"&#13;\n<p class=\"has-medium-font-size\">Il Posto seeks to promote the production and exchange of knowledge about art through various initiatives aimed at early-career researchers. These include our Research Grant, created in 2023 with the aim of funding research on the artists in the Collection and the documents in the Il Posto Archive, and the Diagonal Research Network, which seeks to promote encounters between students from various postgraduate programs in the arts and humanities.<\/p>&#13;\n","protected":false},"excerpt":{"rendered":"<p>&#13; Il Posto seeks to promote the production and exchange of knowledge about art through various initiatives aimed at early-career researchers. These include our Research Grant, created in 2023 with the aim of funding research on the artists in the Collection and the documents in the Il Posto Archive, and the Diagonal Research Network, which [&hellip;]<\/p>\n","protected":false},"author":1,"featured_media":0,"parent":4886,"menu_order":0,"comment_status":"closed","ping_status":"closed","template":"page-convocatoria.php","meta":{"_acf_changed":false,"footnotes":""},"class_list":["post-4927","page","type-page","status-publish","hentry"],"acf":[],"yoast_head":"<!-- This site is optimized with the Yoast SEO plugin v26.1.1 - https:\/\/yoast.com\/wordpress\/plugins\/seo\/ -->\n<title>Call for applications - IL Posto<\/title>\n<meta name=\"description\" content=\"Il Posto Documentos no es s\u00f3lo un lugar de producci\u00f3n de conocimientos, sino que de encuentro entre personas. Por lo tanto, la realizaci\u00f3n de actividades, tales como conversaciones p\u00fablicas, entrevistas, invitaciones a artistas e investigadores y otro tipo de encuentros, son fundamentales para potenciar los di\u00e1logos que desde Il Posto Documentos se est\u00e1n creando.\" \/>\n<meta name=\"robots\" content=\"index, follow, max-snippet:-1, max-image-preview:large, max-video-preview:-1\" \/>\n<link rel=\"canonical\" href=\"https:\/\/www.ilposto.cl\/en\/research\/calls\/\" \/>\n<meta property=\"og:locale\" content=\"en_US\" \/>\n<meta property=\"og:type\" content=\"article\" \/>\n<meta property=\"og:title\" content=\"Call for applications - IL Posto\" \/>\n<meta property=\"og:description\" content=\"Il Posto Documentos no es s\u00f3lo un lugar de producci\u00f3n de conocimientos, sino que de encuentro entre personas. Por lo tanto, la realizaci\u00f3n de actividades, tales como conversaciones p\u00fablicas, entrevistas, invitaciones a artistas e investigadores y otro tipo de encuentros, son fundamentales para potenciar los di\u00e1logos que desde Il Posto Documentos se est\u00e1n creando.\" \/>\n<meta property=\"og:url\" content=\"https:\/\/www.ilposto.cl\/en\/research\/calls\/\" \/>\n<meta property=\"og:site_name\" content=\"IL Posto\" \/>\n<meta property=\"article:modified_time\" content=\"2025-10-17T22:42:41+00:00\" \/>\n<meta name=\"twitter:card\" content=\"summary_large_image\" \/>\n<script type=\"application\/ld+json\" class=\"yoast-schema-graph\">{\"@context\":\"https:\/\/schema.org\",\"@graph\":[{\"@type\":\"WebPage\",\"@id\":\"https:\/\/www.ilposto.cl\/en\/research\/calls\/\",\"url\":\"https:\/\/www.ilposto.cl\/en\/research\/calls\/\",\"name\":\"Call for applications - IL Posto\",\"isPartOf\":{\"@id\":\"https:\/\/www.ilposto.cl\/en\/#website\"},\"datePublished\":\"2023-04-07T01:47:26+00:00\",\"dateModified\":\"2025-10-17T22:42:41+00:00\",\"description\":\"Il Posto Documentos no es s\u00f3lo un lugar de producci\u00f3n de conocimientos, sino que de encuentro entre personas. Por lo tanto, la realizaci\u00f3n de actividades, tales como conversaciones p\u00fablicas, entrevistas, invitaciones a artistas e investigadores y otro tipo de encuentros, son fundamentales para potenciar los di\u00e1logos que desde Il Posto Documentos se est\u00e1n creando.\",\"breadcrumb\":{\"@id\":\"https:\/\/www.ilposto.cl\/en\/research\/calls\/#breadcrumb\"},\"inLanguage\":\"en-US\",\"potentialAction\":[{\"@type\":\"ReadAction\",\"target\":[\"https:\/\/www.ilposto.cl\/en\/research\/calls\/\"]}]},{\"@type\":\"BreadcrumbList\",\"@id\":\"https:\/\/www.ilposto.cl\/en\/research\/calls\/#breadcrumb\",\"itemListElement\":[{\"@type\":\"ListItem\",\"position\":1,\"name\":\"Portada\",\"item\":\"https:\/\/www.ilposto.cl\/en\/\"},{\"@type\":\"ListItem\",\"position\":2,\"name\":\"Research\",\"item\":\"https:\/\/www.ilposto.cl\/en\/research\/\"},{\"@type\":\"ListItem\",\"position\":3,\"name\":\"Call for applications\"}]},{\"@type\":\"WebSite\",\"@id\":\"https:\/\/www.ilposto.cl\/en\/#website\",\"url\":\"https:\/\/www.ilposto.cl\/en\/\",\"name\":\"IL Posto\",\"description\":\"Another Wordpress site\",\"potentialAction\":[{\"@type\":\"SearchAction\",\"target\":{\"@type\":\"EntryPoint\",\"urlTemplate\":\"https:\/\/www.ilposto.cl\/en\/?s={search_term_string}\"},\"query-input\":{\"@type\":\"PropertyValueSpecification\",\"valueRequired\":true,\"valueName\":\"search_term_string\"}}],\"inLanguage\":\"en-US\"}]}<\/script>\n<!-- \/ Yoast SEO plugin. -->","yoast_head_json":{"title":"Call for applications - IL Posto","description":"Il Posto Documentos no es s\u00f3lo un lugar de producci\u00f3n de conocimientos, sino que de encuentro entre personas. Por lo tanto, la realizaci\u00f3n de actividades, tales como conversaciones p\u00fablicas, entrevistas, invitaciones a artistas e investigadores y otro tipo de encuentros, son fundamentales para potenciar los di\u00e1logos que desde Il Posto Documentos se est\u00e1n creando.","robots":{"index":"index","follow":"follow","max-snippet":"max-snippet:-1","max-image-preview":"max-image-preview:large","max-video-preview":"max-video-preview:-1"},"canonical":"https:\/\/www.ilposto.cl\/en\/research\/calls\/","og_locale":"en_US","og_type":"article","og_title":"Call for applications - IL Posto","og_description":"Il Posto Documentos no es s\u00f3lo un lugar de producci\u00f3n de conocimientos, sino que de encuentro entre personas. Por lo tanto, la realizaci\u00f3n de actividades, tales como conversaciones p\u00fablicas, entrevistas, invitaciones a artistas e investigadores y otro tipo de encuentros, son fundamentales para potenciar los di\u00e1logos que desde Il Posto Documentos se est\u00e1n creando.","og_url":"https:\/\/www.ilposto.cl\/en\/research\/calls\/","og_site_name":"IL Posto","article_modified_time":"2025-10-17T22:42:41+00:00","twitter_card":"summary_large_image","schema":{"@context":"https:\/\/schema.org","@graph":[{"@type":"WebPage","@id":"https:\/\/www.ilposto.cl\/en\/research\/calls\/","url":"https:\/\/www.ilposto.cl\/en\/research\/calls\/","name":"Call for applications - IL Posto","isPartOf":{"@id":"https:\/\/www.ilposto.cl\/en\/#website"},"datePublished":"2023-04-07T01:47:26+00:00","dateModified":"2025-10-17T22:42:41+00:00","description":"Il Posto Documentos no es s\u00f3lo un lugar de producci\u00f3n de conocimientos, sino que de encuentro entre personas. Por lo tanto, la realizaci\u00f3n de actividades, tales como conversaciones p\u00fablicas, entrevistas, invitaciones a artistas e investigadores y otro tipo de encuentros, son fundamentales para potenciar los di\u00e1logos que desde Il Posto Documentos se est\u00e1n creando.","breadcrumb":{"@id":"https:\/\/www.ilposto.cl\/en\/research\/calls\/#breadcrumb"},"inLanguage":"en-US","potentialAction":[{"@type":"ReadAction","target":["https:\/\/www.ilposto.cl\/en\/research\/calls\/"]}]},{"@type":"BreadcrumbList","@id":"https:\/\/www.ilposto.cl\/en\/research\/calls\/#breadcrumb","itemListElement":[{"@type":"ListItem","position":1,"name":"Portada","item":"https:\/\/www.ilposto.cl\/en\/"},{"@type":"ListItem","position":2,"name":"Research","item":"https:\/\/www.ilposto.cl\/en\/research\/"},{"@type":"ListItem","position":3,"name":"Call for applications"}]},{"@type":"WebSite","@id":"https:\/\/www.ilposto.cl\/en\/#website","url":"https:\/\/www.ilposto.cl\/en\/","name":"IL Posto","description":"Another Wordpress site","potentialAction":[{"@type":"SearchAction","target":{"@type":"EntryPoint","urlTemplate":"https:\/\/www.ilposto.cl\/en\/?s={search_term_string}"},"query-input":{"@type":"PropertyValueSpecification","valueRequired":true,"valueName":"search_term_string"}}],"inLanguage":"en-US"}]}},"_links":{"self":[{"href":"https:\/\/www.ilposto.cl\/en\/wp-json\/wp\/v2\/pages\/4927","targetHints":{"allow":["GET"]}}],"collection":[{"href":"https:\/\/www.ilposto.cl\/en\/wp-json\/wp\/v2\/pages"}],"about":[{"href":"https:\/\/www.ilposto.cl\/en\/wp-json\/wp\/v2\/types\/page"}],"author":[{"embeddable":true,"href":"https:\/\/www.ilposto.cl\/en\/wp-json\/wp\/v2\/users\/1"}],"replies":[{"embeddable":true,"href":"https:\/\/www.ilposto.cl\/en\/wp-json\/wp\/v2\/comments?post=4927"}],"version-history":[{"count":3,"href":"https:\/\/www.ilposto.cl\/en\/wp-json\/wp\/v2\/pages\/4927\/revisions"}],"predecessor-version":[{"id":4975,"href":"https:\/\/www.ilposto.cl\/en\/wp-json\/wp\/v2\/pages\/4927\/revisions\/4975"}],"up":[{"embeddable":true,"href":"https:\/\/www.ilposto.cl\/en\/wp-json\/wp\/v2\/pages\/4886"}],"wp:attachment":[{"href":"https:\/\/www.ilposto.cl\/en\/wp-json\/wp\/v2\/media?parent=4927"}],"curies":[{"name":"wp","href":"https:\/\/api.w.org\/{rel}","templated":true}]}}